{"id":12,"date":"2026-04-10T15:31:15","date_gmt":"2026-04-10T13:31:15","guid":{"rendered":"http:\/\/nas3.local:35852\/?post_type=product&#038;p=12"},"modified":"2026-04-10T18:06:28","modified_gmt":"2026-04-10T16:06:28","slug":"maillot-manches-courtes-origin-essence-homme","status":"publish","type":"product","link":"https:\/\/vcn-shop.catte.net\/?product=maillot-manches-courtes-origin-essence-homme","title":{"rendered":"Maillot Manches Courtes Origin Essence Homme"},"content":{"rendered":"<h6 class=\"inline-richtext h4\">PRINCIPALES CARACT\u00c9RISTIQUES<\/h6>\n<ul>\n<li>Manche mont\u00e9e<\/li>\n<li>Fermeture \u00e9clair invisible YKK<\/li>\n<li>3 poches arri\u00e8re<\/li>\n<li>Comfort fit<\/li>\n<li>Manches avec couture<\/li>\n<li>Bande antid\u00e9rapante \u00e0 la taille<\/li>\n<li>Respirant et s\u00e9chage rapide<\/li>\n<\/ul>\n<h6 class=\"inline-richtext h4\">COMPOSITION<\/h6>\n<ul>\n<li>(92%) Polyester recycl\u00e9<\/li>\n<li>(8%) \u00c9lasthanne<\/li>\n<\/ul>\n","protected":false},"excerpt":{"rendered":"<p>Maillot ax\u00e9 sur le confort pour les sorties par temps chaud. D\u00e9velopp\u00e9 avec une construction l\u00e9g\u00e8re et respirante offrant un maintien \u00e9quilibr\u00e9 et un confort durable. Confectionn\u00e9 majoritairement \u00e0 partir de mat\u00e9riaux recycl\u00e9s.<\/p>\n","protected":false},"featured_media":14,"comment_status":"open","ping_status":"closed","template":"","meta":[],"product_brand":[16],"product_cat":[18],"product_tag":[],"class_list":{"0":"post-12","1":"product","2":"type-product","3":"status-publish","4":"has-post-thumbnail","6":"product_brand-tactic","7":"product_cat-commande","9":"first","10":"instock","11":"shipping-taxable","12":"purchasable","13":"product-type-variable"},"_links":{"self":[{"href":"https:\/\/vcn-shop.catte.net\/index.php?rest_route=\/wp\/v2\/product\/12","targetHints":{"allow":["GET"]}}],"collection":[{"href":"https:\/\/vcn-shop.catte.net\/index.php?rest_route=\/wp\/v2\/product"}],"about":[{"href":"https:\/\/vcn-shop.catte.net\/index.php?rest_route=\/wp\/v2\/types\/product"}],"replies":[{"embeddable":true,"href":"https:\/\/vcn-shop.catte.net\/index.php?rest_route=%2Fwp%2Fv2%2Fcomments&post=12"}],"wp:featuredmedia":[{"embeddable":true,"href":"https:\/\/vcn-shop.catte.net\/index.php?rest_route=\/wp\/v2\/media\/14"}],"wp:attachment":[{"href":"https:\/\/vcn-shop.catte.net\/index.php?rest_route=%2Fwp%2Fv2%2Fmedia&parent=12"}],"wp:term":[{"taxonomy":"product_brand","embeddable":true,"href":"https:\/\/vcn-shop.catte.net\/index.php?rest_route=%2Fwp%2Fv2%2Fproduct_brand&post=12"},{"taxonomy":"product_cat","embeddable":true,"href":"https:\/\/vcn-shop.catte.net\/index.php?rest_route=%2Fwp%2Fv2%2Fproduct_cat&post=12"},{"taxonomy":"product_tag","embeddable":true,"href":"https:\/\/vcn-shop.catte.net\/index.php?rest_route=%2Fwp%2Fv2%2Fproduct_tag&post=12"}],"curies":[{"name":"wp","href":"https:\/\/api.w.org\/{rel}","templated":true}]}}